{"id":369,"date":"2025-08-26T08:00:38","date_gmt":"2025-08-26T08:00:38","guid":{"rendered":"https:\/\/srlastg.wpenginepowered.com\/?page_id=369"},"modified":"2026-01-22T11:11:50","modified_gmt":"2026-01-22T19:11:50","slug":"run-with-team-srla","status":"publish","type":"page","link":"https:\/\/srla.org\/es\/home\/run-with-team-srla\/","title":{"rendered":"Corre con el equipo SRLA"},"content":{"rendered":"<div data-elementor-type=\"wp-page\" data-elementor-id=\"369\" class=\"elementor elementor-369\" data-elementor-post-type=\"page\">\n\t\t\t\t<div data-particle_enable=\"false\" data-particle-mobile-disabled=\"false\" class=\"elementor-element elementor-element-cfcc0b6 e-con-full e-flex e-con e-parent\" data-id=\"cfcc0b6\" data-element_type=\"container\" data-e-type=\"container\" data-settings=\"{&quot;background_background&quot;:&quot;classic&quot;}\">\n\t\t\t\t<div class=\"elementor-element elementor-element-831e3aa elementor-widget elementor-widget-heading\" data-id=\"831e3aa\" data-element_type=\"widget\" data-e-type=\"widget\" data-widget_type=\"heading.default\">\n\t\t\t\t\t<h2 class=\"elementor-heading-title elementor-size-default\">\u00a1Corre con un prop\u00f3sito convirti\u00e9ndote en un corredor ben\u00e9fico del EQUIPO SRLA!<\/h2>\t\t\t\t<\/div>\n\t\t\t\t<div class=\"elementor-element elementor-element-d101b2c elementor-widget elementor-widget-heading\" data-id=\"d101b2c\" data-element_type=\"widget\" data-e-type=\"widget\" data-widget_type=\"heading.default\">\n\t\t\t\t\t<h2 class=\"elementor-heading-title elementor-size-default\">Al unirse, cada paso de su viaje de entrenamiento para el marat\u00f3n recaudar\u00e1 fondos importantes para mantener nuestro programa gratuito para miles de estudiantes en el \u00e1rea metropolitana de Los \u00c1ngeles.<\/h2>\t\t\t\t<\/div>\n\t\t\t\t<\/div>\n\t\t<div data-particle_enable=\"false\" data-particle-mobile-disabled=\"false\" class=\"elementor-element elementor-element-ee70c6a e-con-full e-flex e-con e-parent\" data-id=\"ee70c6a\" data-element_type=\"container\" data-e-type=\"container\" id=\"volunteer\">\n\t\t<div data-particle_enable=\"false\" data-particle-mobile-disabled=\"false\" class=\"elementor-element elementor-element-1c597af e-con-full e-flex e-con e-child\" data-id=\"1c597af\" data-element_type=\"container\" data-e-type=\"container\" data-settings=\"{&quot;background_background&quot;:&quot;classic&quot;}\">\n\t\t\t\t<\/div>\n\t\t<div data-particle_enable=\"false\" data-particle-mobile-disabled=\"false\" class=\"elementor-element elementor-element-80fed0e e-con-full e-flex e-con e-child\" data-id=\"80fed0e\" data-element_type=\"container\" data-e-type=\"container\" data-settings=\"{&quot;background_background&quot;:&quot;classic&quot;}\">\n\t\t\t\t<div class=\"elementor-element elementor-element-8defe68 elementor-widget elementor-widget-heading\" data-id=\"8defe68\" data-element_type=\"widget\" data-e-type=\"widget\" data-widget_type=\"heading.default\">\n\t\t\t\t\t<h2 class=\"elementor-heading-title elementor-size-default\">La membres\u00eda del EQUIPO SRLA incluye:<\/h2>\t\t\t\t<\/div>\n\t\t\t\t<div class=\"elementor-element elementor-element-ced31dd elementor-widget elementor-widget-heading\" data-id=\"ced31dd\" data-element_type=\"widget\" data-e-type=\"widget\" data-widget_type=\"heading.default\">\n\t\t\t\t\t<h2 class=\"elementor-heading-title elementor-size-default\">\u2022Tarifa de inscripci\u00f3n con descuento para la carrera del Marat\u00f3n de Los \u00c1ngeles<br><br>\n\u2022Tarifas de inscripci\u00f3n con descuento para todas las carreras comunitarias de SRLA (5K, 10K, 15K y 30K)<br><br>\n\u2022Ventajas y sorpresas exclusivas del equipo SRLA durante toda la temporada.<\/h2>\t\t\t\t<\/div>\n\t\t\t\t<\/div>\n\t\t\t\t<\/div>\n\t\t<div data-particle_enable=\"false\" data-particle-mobile-disabled=\"false\" class=\"elementor-element elementor-element-eba9139 e-con-full e-flex e-con e-parent\" data-id=\"eba9139\" data-element_type=\"container\" data-e-type=\"container\" id=\"partnerships\">\n\t\t<div data-particle_enable=\"false\" data-particle-mobile-disabled=\"false\" class=\"elementor-element elementor-element-c93bbdc e-con-full e-flex e-con e-child\" data-id=\"c93bbdc\" data-element_type=\"container\" data-e-type=\"container\" data-settings=\"{&quot;background_background&quot;:&quot;classic&quot;}\">\n\t\t\t\t<\/div>\n\t\t<div data-particle_enable=\"false\" data-particle-mobile-disabled=\"false\" class=\"elementor-element elementor-element-3c6d983 e-con-full e-flex e-con e-child\" data-id=\"3c6d983\" data-element_type=\"container\" data-e-type=\"container\" data-settings=\"{&quot;background_background&quot;:&quot;classic&quot;}\">\n\t\t\t\t<div class=\"elementor-element elementor-element-af5f42b elementor-widget elementor-widget-heading\" data-id=\"af5f42b\" data-element_type=\"widget\" data-e-type=\"widget\" data-widget_type=\"heading.default\">\n\t\t\t\t\t<h2 class=\"elementor-heading-title elementor-size-default\">\u00bfQuieres correr el Marat\u00f3n de Los \u00c1ngeles como parte del EQUIPO SRLA?<br><br> \n\n\u00a1Complete el formulario de inter\u00e9s de esta temporada!<\/h2>\t\t\t\t<\/div>\n\t\t<div data-particle_enable=\"false\" data-particle-mobile-disabled=\"false\" class=\"elementor-element elementor-element-f187248 e-con-full e-flex e-con e-child\" data-id=\"f187248\" data-element_type=\"container\" data-e-type=\"container\">\n\t\t\t\t<div class=\"elementor-element elementor-element-8f1be85 elementor-widget-mobile__width-auto elementor-widget elementor-widget-button\" data-id=\"8f1be85\" data-element_type=\"widget\" data-e-type=\"widget\" data-widget_type=\"button.default\">\n\t\t\t\t\t\t\t\t\t\t<a class=\"elementor-button elementor-button-link elementor-size-sm\" href=\"https:\/\/forms.gle\/qhNcsbyRvLrxYsMHA\" target=\"_blank\">\n\t\t\t\t\t\t<span class=\"elementor-button-content-wrapper\">\n\t\t\t\t\t\t\t\t\t<span class=\"elementor-button-text\">Formulario de inter\u00e9s del equipo SRLA<\/span>\n\t\t\t\t\t<\/span>\n\t\t\t\t\t<\/a>\n\t\t\t\t\t\t\t\t<\/div>\n\t\t\t\t<\/div>\n\t\t\t\t<\/div>\n\t\t\t\t<\/div>\n\t\t<div data-particle_enable=\"false\" data-particle-mobile-disabled=\"false\" class=\"elementor-element elementor-element-ef7f445 e-flex e-con-boxed e-con e-parent\" data-id=\"ef7f445\" data-element_type=\"container\" data-e-type=\"container\" data-settings=\"{&quot;background_background&quot;:&quot;classic&quot;}\">\n\t\t\t\t\t<div class=\"e-con-inner\">\n\t\t\t\t<div class=\"elementor-element elementor-element-65ae295 elementor-widget elementor-widget-heading\" data-id=\"65ae295\" data-element_type=\"widget\" data-e-type=\"widget\" data-widget_type=\"heading.default\">\n\t\t\t\t\t<h2 class=\"elementor-heading-title elementor-size-default\">Noticias SRLA. Directamente a tu correo.<\/h2>\t\t\t\t<\/div>\n\t\t\t\t<div class=\"elementor-element elementor-element-b494947 elementor-widget-mobile__width-auto elementor-widget elementor-widget-button\" data-id=\"b494947\" data-element_type=\"widget\" data-e-type=\"widget\" data-widget_type=\"button.default\">\n\t\t\t\t\t\t\t\t\t\t<a class=\"elementor-button elementor-button-link elementor-size-sm\" href=\"https:\/\/srla.org\/es\/subscribe\/\">\n\t\t\t\t\t\t<span class=\"elementor-button-content-wrapper\">\n\t\t\t\t\t\t\t\t\t<span class=\"elementor-button-text\">Suscr\u00edbete<\/span>\n\t\t\t\t\t<\/span>\n\t\t\t\t\t<\/a>\n\t\t\t\t\t\t\t\t<\/div>\n\t\t\t\t\t<\/div>\n\t\t\t\t<\/div>\n\t\t\t\t<\/div>","protected":false},"excerpt":{"rendered":"<p>Run with purpose by becoming a TEAM SRLA charity runner! When you join, every step of your marathon training journey will raise critical funds to keep our program free for thousands of students across the Greater Los Angeles area. TEAM SRLA membership includes: \u2022Discounted Los Angeles Marathon race entry fee \u2022Discounted race entry fees to [&hellip;]<\/p>\n","protected":false},"author":2,"featured_media":0,"parent":22,"menu_order":0,"comment_status":"closed","ping_status":"closed","template":"elementor_header_footer","meta":{"give_campaign_id":0,"footnotes":""},"class_list":["post-369","page","type-page","status-publish","hentry"],"yoast_head":"<!-- This site is optimized with the Yoast SEO Premium plugin v27.1 (Yoast SEO v27.5) - https:\/\/yoast.com\/product\/yoast-seo-premium-wordpress\/ -->\n<title>- Students Run LA<\/title>\n<meta name=\"robots\" content=\"index, follow, max-snippet:-1, max-image-preview:large, max-video-preview:-1\" \/>\n<link rel=\"canonical\" href=\"https:\/\/srla.org\/es\/home\/run-with-team-srla\/\" \/>\n<meta property=\"og:locale\" content=\"es_MX\" \/>\n<meta property=\"og:type\" content=\"article\" \/>\n<meta property=\"og:title\" content=\"Run With Team SRLA %\" \/>\n<meta property=\"og:description\" content=\"Run with purpose by becoming a TEAM SRLA charity runner! When you join, every step of your marathon training journey will raise critical funds to keep our program free for thousands of students across the Greater Los Angeles area. TEAM SRLA membership includes: \u2022Discounted Los Angeles Marathon race entry fee \u2022Discounted race entry fees to [&hellip;]\" \/>\n<meta property=\"og:url\" content=\"https:\/\/srla.org\/es\/home\/run-with-team-srla\/\" \/>\n<meta property=\"og:site_name\" content=\"Students Run LA\" \/>\n<meta property=\"article:publisher\" content=\"https:\/\/www.facebook.com\/StudentsRunLA\" \/>\n<meta property=\"article:modified_time\" content=\"2026-01-22T19:11:50+00:00\" \/>\n<meta property=\"og:image\" content=\"https:\/\/srla.org\/wp-content\/uploads\/2025\/07\/srla_logo.png\" \/>\n\t<meta property=\"og:image:width\" content=\"243\" \/>\n\t<meta property=\"og:image:height\" content=\"200\" \/>\n\t<meta property=\"og:image:type\" content=\"image\/png\" \/>\n<meta name=\"twitter:card\" content=\"summary_large_image\" \/>\n<meta name=\"twitter:label1\" content=\"Est. reading time\" \/>\n\t<meta name=\"twitter:data1\" content=\"1 minuto\" \/>\n<script type=\"application\/ld+json\" class=\"yoast-schema-graph\">{\"@context\":\"https:\\\/\\\/schema.org\",\"@graph\":[{\"@type\":\"WebPage\",\"@id\":\"https:\\\/\\\/srla.org\\\/home\\\/run-with-team-srla\\\/\",\"url\":\"https:\\\/\\\/srla.org\\\/home\\\/run-with-team-srla\\\/\",\"name\":\"- Students Run LA\",\"isPartOf\":{\"@id\":\"https:\\\/\\\/srla.org\\\/en\\\/#website\"},\"datePublished\":\"2025-08-26T08:00:38+00:00\",\"dateModified\":\"2026-01-22T19:11:50+00:00\",\"breadcrumb\":{\"@id\":\"https:\\\/\\\/srla.org\\\/home\\\/run-with-team-srla\\\/#breadcrumb\"},\"inLanguage\":\"es\",\"potentialAction\":[{\"@type\":\"ReadAction\",\"target\":[\"https:\\\/\\\/srla.org\\\/home\\\/run-with-team-srla\\\/\"]}]},{\"@type\":\"BreadcrumbList\",\"@id\":\"https:\\\/\\\/srla.org\\\/home\\\/run-with-team-srla\\\/#breadcrumb\",\"itemListElement\":[{\"@type\":\"ListItem\",\"position\":1,\"name\":\"Home\",\"item\":\"https:\\\/\\\/srla.org\\\/\"},{\"@type\":\"ListItem\",\"position\":2,\"name\":\"Home\",\"item\":\"https:\\\/\\\/srla.org\\\/\"},{\"@type\":\"ListItem\",\"position\":3,\"name\":\"Run With Team SRLA\"}]},{\"@type\":\"WebSite\",\"@id\":\"https:\\\/\\\/srla.org\\\/en\\\/#website\",\"url\":\"https:\\\/\\\/srla.org\\\/en\\\/\",\"name\":\"Students Run LA\",\"description\":\"SRLA helps at-risk secondary students.\",\"publisher\":{\"@id\":\"https:\\\/\\\/srla.org\\\/en\\\/#organization\"},\"potentialAction\":[{\"@type\":\"SearchAction\",\"target\":{\"@type\":\"EntryPoint\",\"urlTemplate\":\"https:\\\/\\\/srla.org\\\/en\\\/?s={search_term_string}\"},\"query-input\":{\"@type\":\"PropertyValueSpecification\",\"valueRequired\":true,\"valueName\":\"search_term_string\"}}],\"inLanguage\":\"es\"},{\"@type\":\"Organization\",\"@id\":\"https:\\\/\\\/srla.org\\\/en\\\/#organization\",\"name\":\"Students Run LA\",\"url\":\"https:\\\/\\\/srla.org\\\/en\\\/\",\"logo\":{\"@type\":\"ImageObject\",\"inLanguage\":\"es\",\"@id\":\"https:\\\/\\\/srla.org\\\/en\\\/#\\\/schema\\\/logo\\\/image\\\/\",\"url\":\"https:\\\/\\\/srla.org\\\/wp-content\\\/uploads\\\/2025\\\/07\\\/srla_logo_metadata.png\",\"contentUrl\":\"https:\\\/\\\/srla.org\\\/wp-content\\\/uploads\\\/2025\\\/07\\\/srla_logo_metadata.png\",\"width\":696,\"height\":696,\"caption\":\"Students Run LA\"},\"image\":{\"@id\":\"https:\\\/\\\/srla.org\\\/en\\\/#\\\/schema\\\/logo\\\/image\\\/\"},\"sameAs\":[\"https:\\\/\\\/www.facebook.com\\\/StudentsRunLA\",\"https:\\\/\\\/www.linkedin.com\\\/company\\\/students-run-la\\\/\",\"https:\\\/\\\/www.tiktok.com\\\/@studentsrunla_srla\"]}]}<\/script>\n<!-- \/ Yoast SEO Premium plugin. -->","yoast_head_json":{"title":"- Los estudiantes dirigen Los \u00c1ngeles","robots":{"index":"index","follow":"follow","max-snippet":"max-snippet:-1","max-image-preview":"max-image-preview:large","max-video-preview":"max-video-preview:-1"},"canonical":"https:\/\/srla.org\/es\/home\/run-with-team-srla\/","og_locale":"es_MX","og_type":"article","og_title":"Run With Team SRLA %","og_description":"Run with purpose by becoming a TEAM SRLA charity runner! When you join, every step of your marathon training journey will raise critical funds to keep our program free for thousands of students across the Greater Los Angeles area. TEAM SRLA membership includes: \u2022Discounted Los Angeles Marathon race entry fee \u2022Discounted race entry fees to [&hellip;]","og_url":"https:\/\/srla.org\/es\/home\/run-with-team-srla\/","og_site_name":"Students Run LA","article_publisher":"https:\/\/www.facebook.com\/StudentsRunLA","article_modified_time":"2026-01-22T19:11:50+00:00","og_image":[{"width":243,"height":200,"url":"https:\/\/srla.org\/wp-content\/uploads\/2025\/07\/srla_logo.png","type":"image\/png"}],"twitter_card":"summary_large_image","twitter_misc":{"Est. reading time":"1 minuto"},"schema":{"@context":"https:\/\/schema.org","@graph":[{"@type":"WebPage","@id":"https:\/\/srla.org\/home\/run-with-team-srla\/","url":"https:\/\/srla.org\/home\/run-with-team-srla\/","name":"- Los estudiantes dirigen Los \u00c1ngeles","isPartOf":{"@id":"https:\/\/srla.org\/en\/#website"},"datePublished":"2025-08-26T08:00:38+00:00","dateModified":"2026-01-22T19:11:50+00:00","breadcrumb":{"@id":"https:\/\/srla.org\/home\/run-with-team-srla\/#breadcrumb"},"inLanguage":"es","potentialAction":[{"@type":"ReadAction","target":["https:\/\/srla.org\/home\/run-with-team-srla\/"]}]},{"@type":"BreadcrumbList","@id":"https:\/\/srla.org\/home\/run-with-team-srla\/#breadcrumb","itemListElement":[{"@type":"ListItem","position":1,"name":"Home","item":"https:\/\/srla.org\/"},{"@type":"ListItem","position":2,"name":"Home","item":"https:\/\/srla.org\/"},{"@type":"ListItem","position":3,"name":"Run With Team SRLA"}]},{"@type":"WebSite","@id":"https:\/\/srla.org\/en\/#website","url":"https:\/\/srla.org\/en\/","name":"Los estudiantes dirigen Los \u00c1ngeles","description":"SRLA ayuda a los estudiantes de secundaria en situaci\u00f3n de riesgo.","publisher":{"@id":"https:\/\/srla.org\/en\/#organization"},"potentialAction":[{"@type":"SearchAction","target":{"@type":"EntryPoint","urlTemplate":"https:\/\/srla.org\/en\/?s={search_term_string}"},"query-input":{"@type":"PropertyValueSpecification","valueRequired":true,"valueName":"search_term_string"}}],"inLanguage":"es"},{"@type":"Organization","@id":"https:\/\/srla.org\/en\/#organization","name":"Los estudiantes dirigen Los \u00c1ngeles","url":"https:\/\/srla.org\/en\/","logo":{"@type":"ImageObject","inLanguage":"es","@id":"https:\/\/srla.org\/en\/#\/schema\/logo\/image\/","url":"https:\/\/srla.org\/wp-content\/uploads\/2025\/07\/srla_logo_metadata.png","contentUrl":"https:\/\/srla.org\/wp-content\/uploads\/2025\/07\/srla_logo_metadata.png","width":696,"height":696,"caption":"Students Run LA"},"image":{"@id":"https:\/\/srla.org\/en\/#\/schema\/logo\/image\/"},"sameAs":["https:\/\/www.facebook.com\/StudentsRunLA","https:\/\/www.linkedin.com\/company\/students-run-la\/","https:\/\/www.tiktok.com\/@studentsrunla_srla"]}]}},"campaignId":"","_links":{"self":[{"href":"https:\/\/srla.org\/es\/wp-json\/wp\/v2\/pages\/369","targetHints":{"allow":["GET"]}}],"collection":[{"href":"https:\/\/srla.org\/es\/wp-json\/wp\/v2\/pages"}],"about":[{"href":"https:\/\/srla.org\/es\/wp-json\/wp\/v2\/types\/page"}],"author":[{"embeddable":true,"href":"https:\/\/srla.org\/es\/wp-json\/wp\/v2\/users\/2"}],"replies":[{"embeddable":true,"href":"https:\/\/srla.org\/es\/wp-json\/wp\/v2\/comments?post=369"}],"version-history":[{"count":0,"href":"https:\/\/srla.org\/es\/wp-json\/wp\/v2\/pages\/369\/revisions"}],"up":[{"embeddable":true,"href":"https:\/\/srla.org\/es\/wp-json\/wp\/v2\/pages\/22"}],"wp:attachment":[{"href":"https:\/\/srla.org\/es\/wp-json\/wp\/v2\/media?parent=369"}],"curies":[{"name":"wp","href":"https:\/\/api.w.org\/{rel}","templated":true}]}}